{"id":203,"date":"2011-09-14T09:45:02","date_gmt":"2011-09-14T09:45:02","guid":{"rendered":"http:\/\/192.168.9.29\/Development\/TB\/?page_id=203"},"modified":"2023-05-17T15:04:16","modified_gmt":"2023-05-17T15:04:16","slug":"anasayfa","status":"publish","type":"page","link":"https:\/\/www.telmodel.com\/en_US\/","title":{"rendered":"Home Page"},"content":{"rendered":"<div class=\"full-screen-slider-holder no-margin blur-slider\"><div class=\"full-screen-slider\"><div class=\"full-screen-item\" ><div class=\"bg\"  data-bg=\"https:\/\/www.telmodel.com\/wp-content\/uploads\/2013\/12\/cadde.jpg\"><\/div><div class=\"slider-mask\"><\/div>\n                  <div class=\"overlay\"><\/div><div class=\"hero-title almt\"><h3><\/h3><div class=\"clearfix\"><\/div>\n                  <div class=\"separator trsp-separator\"><\/div><h2>Cephe Tasar\u0131m\u0131<\/h2><a href=\"http:\/\/www.telmodel.com\/tr_TR\/portfolio\/bina-cephe-tasarimi\/\" class=\"ajax btn trsp-btn\">Projeyi G\u00f6r<\/a><\/div><\/div><div class=\"full-screen-item\" ><div class=\"bg\"  data-bg=\"https:\/\/www.telmodel.com\/wp-content\/uploads\/2021\/11\/PhysCamPeron_002.jpg\"><\/div><div class=\"slider-mask\"><\/div>\n                  <div class=\"overlay\"><\/div><div class=\"hero-title almt\"><h3><\/h3><div class=\"clearfix\"><\/div>\n                  <div class=\"separator trsp-separator\"><\/div><h2>Metro G\u00f6rselle\u015ftirmesi<\/h2><a href=\"http:\/\/www.telmodel.com\/tr_TR\/portfolio\/metro-istasyonu-gorsellestirmesi\/\" class=\"ajax btn trsp-btn\">Projeyi G\u00f6r<\/a><\/div><\/div><div class=\"full-screen-item\" ><div class=\"bg\"  data-bg=\"https:\/\/www.telmodel.com\/wp-content\/uploads\/2021\/11\/Camera001-2.jpg\"><\/div><div class=\"slider-mask\"><\/div>\n                  <div class=\"overlay\"><\/div><div class=\"hero-title almt\"><h3><\/h3><div class=\"clearfix\"><\/div>\n                  <div class=\"separator trsp-separator\"><\/div><h2>Mimari Tasar\u0131m<\/h2><a href=\"http:\/\/www.telmodel.com\/tr_TR\/portfolio\/konut-projesi-cephe-tasarimi\/\" class=\"ajax btn trsp-btn\">Projeyi G\u00f6r<\/a><\/div><\/div><div class=\"full-screen-item\" ><div class=\"bg\"  data-bg=\"https:\/\/www.telmodel.com\/wp-content\/uploads\/2021\/11\/Camera042_004.jpg\"><\/div><div class=\"slider-mask\"><\/div>\n                  <div class=\"overlay\"><\/div><div class=\"hero-title almt\"><h3><\/h3><div class=\"clearfix\"><\/div>\n                  <div class=\"separator trsp-separator\"><\/div><h2>M\u00fcze G\u00f6rselle\u015ftirmesi<\/h2><a href=\"http:\/\/www.telmodel.com\/tr_TR\/portfolio\/muze-gorsellestirmesi\/\" class=\"ajax btn trsp-btn\">Projeyi G\u00f6r<\/a><\/div><\/div><\/div><div class=\"num-holder\"><\/div>\n                                <div class=\"panel-dots-holder\">\n                                    <div class=\"panel-dots-inner\">\n                                        <div class=\"panel-dots\"><\/div>\n                                    <\/div>\n                                <\/div>\n                                <div class=\"customNavigation\">\n                                    <a class=\"prev-slide transition\"><i class=\"fa fa-angle-left\"><\/i><\/a>\n                                    <a class=\"next-slide transition\"><i class=\"fa fa-angle-right\"><\/i><\/a>\n                                <\/div><\/div>\n","protected":false},"excerpt":{"rendered":"","protected":false},"author":1,"featured_media":0,"parent":0,"menu_order":0,"comment_status":"open","ping_status":"closed","template":"page.php","meta":{"footnotes":""},"acf":[],"_links":{"self":[{"href":"https:\/\/www.telmodel.com\/en_US\/wp-json\/wp\/v2\/pages\/203"}],"collection":[{"href":"https:\/\/www.telmodel.com\/en_US\/wp-json\/wp\/v2\/pages"}],"about":[{"href":"https:\/\/www.telmodel.com\/en_US\/wp-json\/wp\/v2\/types\/page"}],"author":[{"embeddable":true,"href":"https:\/\/www.telmodel.com\/en_US\/wp-json\/wp\/v2\/users\/1"}],"replies":[{"embeddable":true,"href":"https:\/\/www.telmodel.com\/en_US\/wp-json\/wp\/v2\/comments?post=203"}],"version-history":[{"count":6,"href":"https:\/\/www.telmodel.com\/en_US\/wp-json\/wp\/v2\/pages\/203\/revisions"}],"predecessor-version":[{"id":2764,"href":"https:\/\/www.telmodel.com\/en_US\/wp-json\/wp\/v2\/pages\/203\/revisions\/2764"}],"wp:attachment":[{"href":"https:\/\/www.telmodel.com\/en_US\/wp-json\/wp\/v2\/media?parent=203"}],"curies":[{"name":"wp","href":"https:\/\/api.w.org\/{rel}","templated":true}]}}