{"id":14,"date":"2011-07-14T19:47:05","date_gmt":"2011-07-14T19:47:05","guid":{"rendered":"http:\/\/192.168.9.29\/Development\/TB\/?page_id=14"},"modified":"2022-03-07T09:27:52","modified_gmt":"2022-03-07T09:27:52","slug":"iletisim","status":"publish","type":"page","link":"https:\/\/www.telmodel.com\/tr_TR\/iletisim\/","title":{"rendered":"\u0130LET\u0130\u015e\u0130M"},"content":{"rendered":"<p><iframe loading=\"lazy\" style=\"border: 0;\" src=\"https:\/\/www.google.com\/maps\/embed?pb=!1m18!1m12!1m3!1d752.9878126451191!2d29.057442129246585!3d40.9825482987065!2m3!1f0!2f0!3f0!3m2!1i1024!2i768!4f13.1!3m3!1m2!1s0x14cab7a47a7de6c7%3A0x4f9e293ba744b1d5!2sTelmodel%20Mimarl%C4%B1k!5e0!3m2!1str!2sus!4v1638271168945!5m2!1str!2sus\" width=\"600\" height=\"450\" allowfullscreen=\"allowfullscreen\"><\/iframe><\/p>\n<p><code>\u00a0<\/code><\/p>\n<h3>\u0130LET\u0130\u015e\u0130M<\/h3>\n<p><code>\u00a0<\/code><\/p>\n<h4><b>Telmodel Mimarl\u0131k<\/b><\/h4>\n<p>Mustafa Mazhar Bey Cad. Duru Apt No:85 D:15<br \/>\nKad\u0131k\u00f6y\/\u0130stanbul<br \/>\nTelefon: +90 533 527 4384<br \/>\nE-mail: <a href=\"mailto:ahmet@telmodel.com\">ahmet@telmodel.com<\/a><br \/>\n<code><br \/>\n<\/code><\/p>\n<h3>\u0130LET\u0130\u015e\u0130M FORMU<\/h3>\n<p><code><br \/>\n<\/code><br \/>\n\n<div class=\"wpcf7 no-js\" id=\"wpcf7-f2051-o1\" lang=\"en-US\" dir=\"ltr\">\n<div class=\"screen-reader-response\"><p role=\"status\" aria-live=\"polite\" aria-atomic=\"true\"><\/p> <ul><\/ul><\/div>\n<form action=\"\/tr_TR\/wp-json\/wp\/v2\/pages\/14#wpcf7-f2051-o1\" method=\"post\" class=\"wpcf7-form init\" aria-label=\"Contact form\" novalidate=\"novalidate\" data-status=\"init\">\n<div style=\"display: none;\">\n<input type=\"hidden\" name=\"_wpcf7\" value=\"2051\" \/>\n<input type=\"hidden\" name=\"_wpcf7_version\" value=\"5.9.8\" \/>\n<input type=\"hidden\" name=\"_wpcf7_locale\" value=\"en_US\" \/>\n<input type=\"hidden\" name=\"_wpcf7_unit_tag\" value=\"wpcf7-f2051-o1\" \/>\n<input type=\"hidden\" name=\"_wpcf7_container_post\" value=\"0\" \/>\n<input type=\"hidden\" name=\"_wpcf7_posted_data_hash\" value=\"\" \/>\n<\/div>\n<p>Ad\u0131n\u0131z (gerekli)\n<\/p>\n<p><span class=\"wpcf7-form-control-wrap\" data-name=\"your-name\"><input size=\"40\" maxlength=\"400\" class=\"wpcf7-form-control wpcf7-text wpcf7-validates-as-required\" aria-required=\"true\" aria-invalid=\"false\" value=\"\" type=\"text\" name=\"your-name\" \/><\/span>\n<\/p>\n<p>Epostan\u0131z (gerekli)\n<\/p>\n<p><span class=\"wpcf7-form-control-wrap\" data-name=\"your-email\"><input size=\"40\" maxlength=\"400\" class=\"wpcf7-form-control wpcf7-email wpcf7-validates-as-required wpcf7-text wpcf7-validates-as-email\" aria-required=\"true\" aria-invalid=\"false\" value=\"\" type=\"email\" name=\"your-email\" \/><\/span>\n<\/p>\n<p>Konu\n<\/p>\n<p><span class=\"wpcf7-form-control-wrap\" data-name=\"your-subject\"><input size=\"40\" maxlength=\"400\" class=\"wpcf7-form-control wpcf7-text\" aria-invalid=\"false\" value=\"\" type=\"text\" name=\"your-subject\" \/><\/span>\n<\/p>\n<p>\u0130letiniz\n<\/p>\n<p><span class=\"wpcf7-form-control-wrap\" data-name=\"your-message\"><textarea cols=\"40\" rows=\"10\" maxlength=\"2000\" class=\"wpcf7-form-control wpcf7-textarea\" aria-invalid=\"false\" name=\"your-message\"><\/textarea><\/span>\n<\/p>\n<p><input class=\"wpcf7-form-control wpcf7-submit has-spinner\" type=\"submit\" value=\"G\u00f6nder\" \/>\n<\/p><div class=\"wpcf7-response-output\" aria-hidden=\"true\"><\/div>\n<\/form>\n<\/div>\n\n","protected":false},"excerpt":{"rendered":"<p><iframe style=\"border: 0;\" src=\"https:\/\/www.google.com\/maps\/embed?pb=!1m18!1m12!1m3!1d752.9878126451191!2d29.057442129246585!3d40.9825482987065!2m3!1f0!2f0!3f0!3m2!1i1024!2i768!4f13.1!3m3!1m2!1s0x14cab7a47a7de6c7%3A0x4f9e293ba744b1d5!2sTelmodel%20Mim...\n<\/p>\n","protected":false},"author":1,"featured_media":0,"parent":0,"menu_order":6,"comment_status":"open","ping_status":"closed","template":"","meta":{"footnotes":""},"acf":[],"_links":{"self":[{"href":"https:\/\/www.telmodel.com\/tr_TR\/wp-json\/wp\/v2\/pages\/14"}],"collection":[{"href":"https:\/\/www.telmodel.com\/tr_TR\/wp-json\/wp\/v2\/pages"}],"about":[{"href":"https:\/\/www.telmodel.com\/tr_TR\/wp-json\/wp\/v2\/types\/page"}],"author":[{"embeddable":true,"href":"https:\/\/www.telmodel.com\/tr_TR\/wp-json\/wp\/v2\/users\/1"}],"replies":[{"embeddable":true,"href":"https:\/\/www.telmodel.com\/tr_TR\/wp-json\/wp\/v2\/comments?post=14"}],"version-history":[{"count":5,"href":"https:\/\/www.telmodel.com\/tr_TR\/wp-json\/wp\/v2\/pages\/14\/revisions"}],"predecessor-version":[{"id":2773,"href":"https:\/\/www.telmodel.com\/tr_TR\/wp-json\/wp\/v2\/pages\/14\/revisions\/2773"}],"wp:attachment":[{"href":"https:\/\/www.telmodel.com\/tr_TR\/wp-json\/wp\/v2\/media?parent=14"}],"curies":[{"name":"wp","href":"https:\/\/api.w.org\/{rel}","templated":true}]}}