{"id":1797,"date":"2011-07-14T19:45:29","date_gmt":"2011-07-14T19:45:29","guid":{"rendered":"http:\/\/192.168.9.29\/Development\/TB\/?page_id=5"},"modified":"2022-03-07T09:24:14","modified_gmt":"2022-03-07T09:24:14","slug":"hakkimizda","status":"publish","type":"page","link":"https:\/\/www.telmodel.com\/tr_TR\/hakkimizda\/","title":{"rendered":"HAKKIMIZDA"},"content":{"rendered":"<p>Telmodel Mimarl\u0131k 2008 y\u0131l\u0131nda Mimar Ahmet Elgin\u00f6z taraf\u0131ndan kuruldu. Ge\u00e7mi\u015f \u00fc\u00e7 boyutlu \u00e7izim tecr\u00fcbesini mimari tasar\u0131ma yans\u0131t\u0131rken mimarl\u0131k ile ba\u011flant\u0131l\u0131 her t\u00fcrl\u00fc tasar\u0131m konusunda \u00e7al\u0131\u015fan Telmodel Mimarl\u0131k mimari tasar\u0131m\u0131n ve g\u00f6rselle\u015ftirme hizmetlerinin yan\u0131nda Y\u00f6nlendirme Tasar\u0131m\u0131 ve animasyon hizmetleri de vermektedir.<br \/>\n<div id=\"attachment_2359\" style=\"width: 210px\" class=\"wp-caption alignnone\"><img aria-describedby=\"caption-attachment-2359\" decoding=\"async\" loading=\"lazy\" src=\"http:\/\/www.telmodel.com\/wp-content\/uploads\/2011\/07\/ahmet1.jpg\" alt=\"\" width=\"200\" height=\"200\" class=\"size-full wp-image-2359\" srcset=\"https:\/\/www.telmodel.com\/wp-content\/uploads\/2011\/07\/ahmet1.jpg 200w, https:\/\/www.telmodel.com\/wp-content\/uploads\/2011\/07\/ahmet1-150x150.jpg 150w\" sizes=\"(max-width: 200px) 100vw, 200px\" \/><p id=\"caption-attachment-2359\" class=\"wp-caption-text\">Ahmet Elgin\u00f6z<\/p><\/div><div id=\"attachment_2335\" style=\"width: 210px\" class=\"wp-caption alignnone\"><img aria-describedby=\"caption-attachment-2335\" decoding=\"async\" loading=\"lazy\" src=\"http:\/\/www.telmodel.com\/wp-content\/uploads\/2011\/07\/emre.jpg\" alt=\"\" width=\"200\" height=\"200\" class=\"size-full wp-image-2335\" srcset=\"https:\/\/www.telmodel.com\/wp-content\/uploads\/2011\/07\/emre.jpg 200w, https:\/\/www.telmodel.com\/wp-content\/uploads\/2011\/07\/emre-150x150.jpg 150w\" sizes=\"(max-width: 200px) 100vw, 200px\" \/><p id=\"caption-attachment-2335\" class=\"wp-caption-text\">Emre Ak\u015fahin<\/p><\/div>\n","protected":false},"excerpt":{"rendered":"<p>Telmodel Mimarl\u0131k 2008 y\u0131l\u0131nda Mimar Ahmet Elgin\u00f6z taraf\u0131ndan kuruldu. Ge\u00e7mi\u015f \u00fc\u00e7 boyutlu \u00e7izim tecr\u00fcbesini mimari tasar\u0131ma yans\u0131t\u0131rken mimarl\u0131k ile ba\u011flant\u0131l\u0131 her t\u00fcrl\u00fc tasar\u0131m konusunda \u00e7al\u0131\u015fan Telmodel Mimarl\u0131k mimari tasar\u0131m\u0131n ve g\u00f6rselle\u015ftirme hi&#8230;<\/p>\n","protected":false},"author":1,"featured_media":0,"parent":0,"menu_order":1,"comment_status":"open","ping_status":"closed","template":"","meta":{"footnotes":""},"acf":[],"_links":{"self":[{"href":"https:\/\/www.telmodel.com\/tr_TR\/wp-json\/wp\/v2\/pages\/1797"}],"collection":[{"href":"https:\/\/www.telmodel.com\/tr_TR\/wp-json\/wp\/v2\/pages"}],"about":[{"href":"https:\/\/www.telmodel.com\/tr_TR\/wp-json\/wp\/v2\/types\/page"}],"author":[{"embeddable":true,"href":"https:\/\/www.telmodel.com\/tr_TR\/wp-json\/wp\/v2\/users\/1"}],"replies":[{"embeddable":true,"href":"https:\/\/www.telmodel.com\/tr_TR\/wp-json\/wp\/v2\/comments?post=1797"}],"version-history":[{"count":6,"href":"https:\/\/www.telmodel.com\/tr_TR\/wp-json\/wp\/v2\/pages\/1797\/revisions"}],"predecessor-version":[{"id":2770,"href":"https:\/\/www.telmodel.com\/tr_TR\/wp-json\/wp\/v2\/pages\/1797\/revisions\/2770"}],"wp:attachment":[{"href":"https:\/\/www.telmodel.com\/tr_TR\/wp-json\/wp\/v2\/media?parent=1797"}],"curies":[{"name":"wp","href":"https:\/\/api.w.org\/{rel}","templated":true}]}}